{"id":1432,"date":"2023-07-03T01:31:40","date_gmt":"2023-07-03T01:31:40","guid":{"rendered":"https:\/\/masolutions.com.mx\/?page_id=1432"},"modified":"2023-07-04T05:25:28","modified_gmt":"2023-07-04T05:25:28","slug":"sistema-de-inspeccion-identificacion-marcado-y-rastreabilidad","status":"publish","type":"page","link":"https:\/\/masolutions.com.mx\/index.php\/sistema-de-inspeccion-identificacion-marcado-y-rastreabilidad\/","title":{"rendered":"Sistema de inspecci\u00f3n, identificaci\u00f3n, marcado y rastreabilidad"},"content":{"rendered":"\t\t<div data-elementor-type=\"wp-page\" data-elementor-id=\"1432\" class=\"elementor elementor-1432\">\n\t\t\t\t\t\t\t\t\t<section class=\"elementor-section elementor-top-section elementor-element elementor-element-1fb0f54c elementor-section-height-min-height elementor-section-boxed elementor-section-height-default elementor-section-items-middle\" data-id=\"1fb0f54c\" data-element_type=\"section\" data-settings=\"{&quot;background_background&quot;:&quot;classic&quot;}\">\n\t\t\t\t\t\t\t<div class=\"elementor-background-overlay\"><\/div>\n\t\t\t\t\t\t\t<div class=\"elementor-container elementor-column-gap-default\">\n\t\t\t\t\t<div class=\"elementor-column elementor-col-100 elementor-top-column elementor-element elementor-element-525f4aaa\" data-id=\"525f4aaa\" data-element_type=\"column\">\n\t\t\t<div class=\"elementor-widget-wrap elementor-element-populated\">\n\t\t\t\t\t\t\t\t<div class=\"elementor-element elementor-element-4e830d7a elementor-widget elementor-widget-heading\" data-id=\"4e830d7a\" data-element_type=\"widget\" data-widget_type=\"heading.default\">\n\t\t\t\t<div class=\"elementor-widget-container\">\n\t\t\t<style>\/*! elementor - v3.14.0 - 18-06-2023 *\/\n.elementor-heading-title{padding:0;margin:0;line-height:1}.elementor-widget-heading .elementor-heading-title[class*=elementor-size-]>a{color:inherit;font-size:inherit;line-height:inherit}.elementor-widget-heading .elementor-heading-title.elementor-size-small{font-size:15px}.elementor-widget-heading .elementor-heading-title.elementor-size-medium{font-size:19px}.elementor-widget-heading .elementor-heading-title.elementor-size-large{font-size:29px}.elementor-widget-heading .elementor-heading-title.elementor-size-xl{font-size:39px}.elementor-widget-heading .elementor-heading-title.elementor-size-xxl{font-size:59px}<\/style><h1 class=\"elementor-heading-title elementor-size-default\">Sistemas de Inspecci\u00f3n, identificaci\u00f3n, marcado y Rastreabilidad.<\/h1>\t\t<\/div>\n\t\t\t\t<\/div>\n\t\t\t\t\t<\/div>\n\t\t<\/div>\n\t\t\t\t\t\t\t<\/div>\n\t\t<\/section>\n\t\t\t\t<section class=\"elementor-section elementor-top-section elementor-element elementor-element-3a6cb885 elementor-section-boxed elementor-section-height-default elementor-section-height-default\" data-id=\"3a6cb885\" data-element_type=\"section\">\n\t\t\t\t\t\t<div class=\"elementor-container elementor-column-gap-default\">\n\t\t\t\t\t<div class=\"elementor-column elementor-col-50 elementor-top-column elementor-element elementor-element-15384df8\" data-id=\"15384df8\" data-element_type=\"column\">\n\t\t\t<div class=\"elementor-widget-wrap elementor-element-populated\">\n\t\t\t\t\t\t\t\t<div class=\"elementor-element elementor-element-22172434 elementor-widget elementor-widget-image\" data-id=\"22172434\" data-element_type=\"widget\" data-widget_type=\"image.default\">\n\t\t\t\t<div class=\"elementor-widget-container\">\n\t\t\t<style>\/*! elementor - v3.14.0 - 18-06-2023 *\/\n.elementor-widget-image{text-align:center}.elementor-widget-image a{display:inline-block}.elementor-widget-image a img[src$=\".svg\"]{width:48px}.elementor-widget-image img{vertical-align:middle;display:inline-block}<\/style>\t\t\t\t\t\t\t\t\t\t\t\t<img decoding=\"async\" width=\"370\" height=\"500\" src=\"https:\/\/masolutions.com.mx\/wp-content\/uploads\/2023\/07\/My-project-1-1.jpg\" class=\"attachment-full size-full wp-image-1610\" alt=\"\" loading=\"lazy\" srcset=\"https:\/\/masolutions.com.mx\/wp-content\/uploads\/2023\/07\/My-project-1-1.jpg 370w, https:\/\/masolutions.com.mx\/wp-content\/uploads\/2023\/07\/My-project-1-1-222x300.jpg 222w\" sizes=\"(max-width: 370px) 100vw, 370px\" \/>\t\t\t\t\t\t\t\t\t\t\t\t\t\t\t<\/div>\n\t\t\t\t<\/div>\n\t\t\t\t\t<\/div>\n\t\t<\/div>\n\t\t\t\t<div class=\"elementor-column elementor-col-50 elementor-top-column elementor-element elementor-element-625a5614\" data-id=\"625a5614\" data-element_type=\"column\">\n\t\t\t<div class=\"elementor-widget-wrap elementor-element-populated\">\n\t\t\t\t\t\t\t\t<div class=\"elementor-element elementor-element-4362594e elementor-widget elementor-widget-heading\" data-id=\"4362594e\" data-element_type=\"widget\" data-widget_type=\"heading.default\">\n\t\t\t\t<div class=\"elementor-widget-container\">\n\t\t\t<h4 class=\"elementor-heading-title elementor-size-default\">Marcado Laser y Micropercusi\u00f3n (2D Matriz, Alfanum\u00e9rico, C\u00f3digo de barras).<\/h4>\t\t<\/div>\n\t\t\t\t<\/div>\n\t\t\t\t<div class=\"elementor-element elementor-element-277c6e69 elementor-widget elementor-widget-text-editor\" data-id=\"277c6e69\" data-element_type=\"widget\" data-widget_type=\"text-editor.default\">\n\t\t\t\t<div class=\"elementor-widget-container\">\n\t\t\t<style>\/*! elementor - v3.14.0 - 18-06-2023 *\/\n.elementor-widget-text-editor.elementor-drop-cap-view-stacked .elementor-drop-cap{background-color:#69727d;color:#fff}.elementor-widget-text-editor.elementor-drop-cap-view-framed .elementor-drop-cap{color:#69727d;border:3px solid;background-color:transparent}.elementor-widget-text-editor:not(.elementor-drop-cap-view-default) .elementor-drop-cap{margin-top:8px}.elementor-widget-text-editor:not(.elementor-drop-cap-view-default) .elementor-drop-cap-letter{width:1em;height:1em}.elementor-widget-text-editor .elementor-drop-cap{float:left;text-align:center;line-height:1;font-size:50px}.elementor-widget-text-editor .elementor-drop-cap-letter{display:inline-block}<\/style>\t\t\t\t<ul><li>Marcado l\u00e1ser: Utilizamos tecnolog\u00eda l\u00e1ser de \u00faltima generaci\u00f3n para realizar marcados precisos y permanentes en tus productos. Nuestros sistemas l\u00e1ser pueden generar matrices 2D, textos alfanum\u00e9ricos, c\u00f3digos de barras y otros elementos gr\u00e1ficos de alta resoluci\u00f3n. El marcado l\u00e1ser es r\u00e1pido, limpio y ofrece una excelente legibilidad.<\/li><li>Micropercusi\u00f3n: La micropercusi\u00f3n es ideal para marcar metales y materiales duros con alta precisi\u00f3n. Mediante el uso de una punta de marcado que golpea el material, creamos grabados duraderos y de alta calidad. Este m\u00e9todo es especialmente efectivo para marcar c\u00f3digos de barras y caracteres alfanum\u00e9ricos en piezas met\u00e1licas.<\/li><li>Matrices 2D y c\u00f3digos de barras: Nuestros sistemas de marcado pueden generar matrices 2D y c\u00f3digos de barras de diferentes formatos y est\u00e1ndares, como QR, DataMatrix, UPC, Code 39, entre otros. Estos c\u00f3digos son ampliamente utilizados para rastrear y gestionar productos, y pueden almacenar una gran cantidad de informaci\u00f3n de manera compacta.<\/li><li>Personalizaci\u00f3n y trazabilidad: Adem\u00e1s de los elementos est\u00e1ndar de marcado, tambi\u00e9n podemos personalizar el marcado con logotipos, n\u00fameros de serie, fechas, informaci\u00f3n variable u otros datos espec\u00edficos que desees incluir. Esto es especialmente \u00fatil para la trazabilidad de productos y la identificaci\u00f3n \u00fanica.<\/li><li>Cumplimiento de normas: Nuestros sistemas de marcado l\u00e1ser y micropercusi\u00f3n cumplen con los est\u00e1ndares de calidad y normativas aplicables, lo que garantiza que los marcados sean legibles y cumplan con los requisitos de trazabilidad y identificaci\u00f3n de tu industria.<\/li><\/ul>\t\t\t\t\t\t<\/div>\n\t\t\t\t<\/div>\n\t\t\t\t<div class=\"elementor-element elementor-element-6f0569bc elementor-widget elementor-widget-button\" data-id=\"6f0569bc\" data-element_type=\"widget\" data-widget_type=\"button.default\">\n\t\t\t\t<div class=\"elementor-widget-container\">\n\t\t\t\t\t<div class=\"elementor-button-wrapper\">\n\t\t\t<a class=\"elementor-button elementor-button-link elementor-size-sm\" href=\"https:\/\/masolutions.com.mx\/index.php\/contacto\/\">\n\t\t\t\t\t\t<span class=\"elementor-button-content-wrapper\">\n\t\t\t\t\t\t<span class=\"elementor-button-text\">Trabajemos en tu proyecto<\/span>\n\t\t<\/span>\n\t\t\t\t\t<\/a>\n\t\t<\/div>\n\t\t\t\t<\/div>\n\t\t\t\t<\/div>\n\t\t\t\t\t<\/div>\n\t\t<\/div>\n\t\t\t\t\t\t\t<\/div>\n\t\t<\/section>\n\t\t\t\t<section class=\"elementor-section elementor-top-section elementor-element elementor-element-3f02234b elementor-section-boxed elementor-section-height-default elementor-section-height-default\" data-id=\"3f02234b\" data-element_type=\"section\">\n\t\t\t\t\t\t<div class=\"elementor-container elementor-column-gap-default\">\n\t\t\t\t\t<div class=\"elementor-column elementor-col-50 elementor-top-column elementor-element elementor-element-497fd79\" data-id=\"497fd79\" data-element_type=\"column\">\n\t\t\t<div class=\"elementor-widget-wrap elementor-element-populated\">\n\t\t\t\t\t\t\t\t<div class=\"elementor-element elementor-element-3263cbe6 elementor-widget elementor-widget-image\" data-id=\"3263cbe6\" data-element_type=\"widget\" data-widget_type=\"image.default\">\n\t\t\t\t<div class=\"elementor-widget-container\">\n\t\t\t\t\t\t\t\t\t\t\t\t\t\t\t<img decoding=\"async\" width=\"370\" height=\"500\" src=\"https:\/\/masolutions.com.mx\/wp-content\/uploads\/2023\/07\/My-project-1-1-1-1.jpg\" class=\"attachment-full size-full wp-image-1612\" alt=\"\" loading=\"lazy\" srcset=\"https:\/\/masolutions.com.mx\/wp-content\/uploads\/2023\/07\/My-project-1-1-1-1.jpg 370w, https:\/\/masolutions.com.mx\/wp-content\/uploads\/2023\/07\/My-project-1-1-1-1-222x300.jpg 222w\" sizes=\"(max-width: 370px) 100vw, 370px\" \/>\t\t\t\t\t\t\t\t\t\t\t\t\t\t\t<\/div>\n\t\t\t\t<\/div>\n\t\t\t\t\t<\/div>\n\t\t<\/div>\n\t\t\t\t<div class=\"elementor-column elementor-col-50 elementor-top-column elementor-element elementor-element-7d342fd\" data-id=\"7d342fd\" data-element_type=\"column\">\n\t\t\t<div class=\"elementor-widget-wrap elementor-element-populated\">\n\t\t\t\t\t\t\t\t<div class=\"elementor-element elementor-element-4904a3b0 elementor-widget elementor-widget-heading\" data-id=\"4904a3b0\" data-element_type=\"widget\" data-widget_type=\"heading.default\">\n\t\t\t\t<div class=\"elementor-widget-container\">\n\t\t\t<h4 class=\"elementor-heading-title elementor-size-default\">Sistemas de visi\u00f3n (c\u00e1maras), sensores de visi\u00f3n, scanners.<\/h4>\t\t<\/div>\n\t\t\t\t<\/div>\n\t\t\t\t<div class=\"elementor-element elementor-element-3b173490 elementor-widget elementor-widget-text-editor\" data-id=\"3b173490\" data-element_type=\"widget\" data-widget_type=\"text-editor.default\">\n\t\t\t\t<div class=\"elementor-widget-container\">\n\t\t\t\t\t\t\t<p>Estos son algunos de los servicios y soluciones de visi\u00f3n industrial que ofrecemos:<\/p><ul><li>Sistemas de Visi\u00f3n: Dise\u00f1amos, implementamos y configuramos sistemas de visi\u00f3n personalizados para realizar tareas como inspecci\u00f3n de calidad, verificaci\u00f3n de productos, lectura de c\u00f3digos, detecci\u00f3n de defectos, medici\u00f3n y m\u00e1s.<\/li><li>Sensores de Visi\u00f3n: Ofrecemos sensores de visi\u00f3n compactos y de alta resoluci\u00f3n que pueden integrarse f\u00e1cilmente en tu l\u00ednea de producci\u00f3n.<\/li><li>Scanners: Proporcionamos scanners 3D y scanners de perfil para capturar datos tridimensionales de tus objetos o productos.<\/li><li>Integraci\u00f3n y Programaci\u00f3n: Nuestro equipo de expertos se encargar\u00e1 de la integraci\u00f3n de los sistemas de visi\u00f3n, sensores de visi\u00f3n y scanners en tu l\u00ednea de producci\u00f3n existente.<\/li><li>Capacitaci\u00f3n y Soporte: Ofrecemos capacitaci\u00f3n para tu personal, para que puedan utilizar y mantener adecuadamente los sistemas de visi\u00f3n, sensores de visi\u00f3n y scanners.<\/li><\/ul>\t\t\t\t\t\t<\/div>\n\t\t\t\t<\/div>\n\t\t\t\t<div class=\"elementor-element elementor-element-1f5b48a5 elementor-widget elementor-widget-button\" data-id=\"1f5b48a5\" data-element_type=\"widget\" data-widget_type=\"button.default\">\n\t\t\t\t<div class=\"elementor-widget-container\">\n\t\t\t\t\t<div class=\"elementor-button-wrapper\">\n\t\t\t<a class=\"elementor-button elementor-button-link elementor-size-sm\" href=\"https:\/\/masolutions.com.mx\/index.php\/contacto\/\">\n\t\t\t\t\t\t<span class=\"elementor-button-content-wrapper\">\n\t\t\t\t\t\t<span class=\"elementor-button-text\">Trabajemos en tu proyecto<\/span>\n\t\t<\/span>\n\t\t\t\t\t<\/a>\n\t\t<\/div>\n\t\t\t\t<\/div>\n\t\t\t\t<\/div>\n\t\t\t\t\t<\/div>\n\t\t<\/div>\n\t\t\t\t\t\t\t<\/div>\n\t\t<\/section>\n\t\t\t\t<section class=\"elementor-section elementor-top-section elementor-element elementor-element-14148fea elementor-section-boxed elementor-section-height-default elementor-section-height-default\" data-id=\"14148fea\" data-element_type=\"section\">\n\t\t\t\t\t\t<div class=\"elementor-container elementor-column-gap-default\">\n\t\t\t\t\t<div class=\"elementor-column elementor-col-50 elementor-top-column elementor-element elementor-element-620fe34d\" data-id=\"620fe34d\" data-element_type=\"column\">\n\t\t\t<div class=\"elementor-widget-wrap elementor-element-populated\">\n\t\t\t\t\t\t\t\t<div class=\"elementor-element elementor-element-5c691eb9 elementor-widget elementor-widget-image\" data-id=\"5c691eb9\" data-element_type=\"widget\" data-widget_type=\"image.default\">\n\t\t\t\t<div class=\"elementor-widget-container\">\n\t\t\t\t\t\t\t\t\t\t\t\t\t\t\t<img decoding=\"async\" width=\"370\" height=\"500\" src=\"https:\/\/masolutions.com.mx\/wp-content\/uploads\/2023\/07\/My-project-1-2-1.jpg\" class=\"attachment-full size-full wp-image-1613\" alt=\"\" loading=\"lazy\" srcset=\"https:\/\/masolutions.com.mx\/wp-content\/uploads\/2023\/07\/My-project-1-2-1.jpg 370w, https:\/\/masolutions.com.mx\/wp-content\/uploads\/2023\/07\/My-project-1-2-1-222x300.jpg 222w\" sizes=\"(max-width: 370px) 100vw, 370px\" \/>\t\t\t\t\t\t\t\t\t\t\t\t\t\t\t<\/div>\n\t\t\t\t<\/div>\n\t\t\t\t\t<\/div>\n\t\t<\/div>\n\t\t\t\t<div class=\"elementor-column elementor-col-50 elementor-top-column elementor-element elementor-element-4686e20\" data-id=\"4686e20\" data-element_type=\"column\">\n\t\t\t<div class=\"elementor-widget-wrap elementor-element-populated\">\n\t\t\t\t\t\t\t\t<div class=\"elementor-element elementor-element-401b520f elementor-widget elementor-widget-heading\" data-id=\"401b520f\" data-element_type=\"widget\" data-widget_type=\"heading.default\">\n\t\t\t\t<div class=\"elementor-widget-container\">\n\t\t\t<h4 class=\"elementor-heading-title elementor-size-default\">Inspecci\u00f3n, detecci\u00f3n de partes, verificaci\u00f3n de componentes, medici\u00f3n, etc.<\/h4>\t\t<\/div>\n\t\t\t\t<\/div>\n\t\t\t\t<div class=\"elementor-element elementor-element-1b4acf3e elementor-widget elementor-widget-text-editor\" data-id=\"1b4acf3e\" data-element_type=\"widget\" data-widget_type=\"text-editor.default\">\n\t\t\t\t<div class=\"elementor-widget-container\">\n\t\t\t\t\t\t\t<p>Ofrecemos una amplia gama de servicios de inspecci\u00f3n y verificaci\u00f3n industrial para ayudarte a garantizar la calidad y precisi\u00f3n en tu proceso:<\/p><ul><li>Inspecci\u00f3n de Calidad: Realizamos inspecciones visuales y\/o dimensionales para verificar que tus productos cumplan con los est\u00e1ndares de calidad establecidos.<\/li><li>Detecci\u00f3n de Partes: Ofrecemos soluciones de detecci\u00f3n de partes para asegurarnos de que todas las piezas necesarias est\u00e9n presentes y en la posici\u00f3n correcta en tus productos o ensamblajes.<\/li><li>Verificaci\u00f3n de Componentes: Verificamos la calidad y la precisi\u00f3n de tus componentes, asegur\u00e1ndonos de que cumplan con las especificaciones requeridas.<\/li><li>Medici\u00f3n: Ofrecemos servicios de medici\u00f3n precisos y confiables utilizando herramientas y tecnolog\u00edas avanzadas, como sistemas de medici\u00f3n por coordenadas (CMM), scanners 3D y sistemas de visi\u00f3n.<\/li><li>Control de Calidad: Nuestros servicios de control de calidad te ayudar\u00e1n a mantener altos est\u00e1ndares de calidad en tu proceso de producci\u00f3n.<\/li><\/ul>\t\t\t\t\t\t<\/div>\n\t\t\t\t<\/div>\n\t\t\t\t<div class=\"elementor-element elementor-element-7b31b18a elementor-widget elementor-widget-button\" data-id=\"7b31b18a\" data-element_type=\"widget\" data-widget_type=\"button.default\">\n\t\t\t\t<div class=\"elementor-widget-container\">\n\t\t\t\t\t<div class=\"elementor-button-wrapper\">\n\t\t\t<a class=\"elementor-button elementor-button-link elementor-size-sm\" href=\"https:\/\/masolutions.com.mx\/index.php\/contacto\/\">\n\t\t\t\t\t\t<span class=\"elementor-button-content-wrapper\">\n\t\t\t\t\t\t<span class=\"elementor-button-text\">Trabajemos en tu proyecto<\/span>\n\t\t<\/span>\n\t\t\t\t\t<\/a>\n\t\t<\/div>\n\t\t\t\t<\/div>\n\t\t\t\t<\/div>\n\t\t\t\t\t<\/div>\n\t\t<\/div>\n\t\t\t\t\t\t\t<\/div>\n\t\t<\/section>\n\t\t\t\t<section class=\"elementor-section elementor-top-section elementor-element elementor-element-58033e43 elementor-section-boxed elementor-section-height-default elementor-section-height-default\" data-id=\"58033e43\" data-element_type=\"section\">\n\t\t\t\t\t\t<div class=\"elementor-container elementor-column-gap-default\">\n\t\t\t\t\t<div class=\"elementor-column elementor-col-50 elementor-top-column elementor-element elementor-element-1a728e75\" data-id=\"1a728e75\" data-element_type=\"column\">\n\t\t\t<div class=\"elementor-widget-wrap elementor-element-populated\">\n\t\t\t\t\t\t\t\t<div class=\"elementor-element elementor-element-60a6e1b1 elementor-widget elementor-widget-image\" data-id=\"60a6e1b1\" data-element_type=\"widget\" data-widget_type=\"image.default\">\n\t\t\t\t<div class=\"elementor-widget-container\">\n\t\t\t\t\t\t\t\t\t\t\t\t\t\t\t<img decoding=\"async\" width=\"370\" height=\"500\" src=\"https:\/\/masolutions.com.mx\/wp-content\/uploads\/2023\/07\/My-project-1-3-1.jpg\" class=\"attachment-full size-full wp-image-1614\" alt=\"\" loading=\"lazy\" srcset=\"https:\/\/masolutions.com.mx\/wp-content\/uploads\/2023\/07\/My-project-1-3-1.jpg 370w, https:\/\/masolutions.com.mx\/wp-content\/uploads\/2023\/07\/My-project-1-3-1-222x300.jpg 222w\" sizes=\"(max-width: 370px) 100vw, 370px\" \/>\t\t\t\t\t\t\t\t\t\t\t\t\t\t\t<\/div>\n\t\t\t\t<\/div>\n\t\t\t\t\t<\/div>\n\t\t<\/div>\n\t\t\t\t<div class=\"elementor-column elementor-col-50 elementor-top-column elementor-element elementor-element-71aabba3\" data-id=\"71aabba3\" data-element_type=\"column\">\n\t\t\t<div class=\"elementor-widget-wrap elementor-element-populated\">\n\t\t\t\t\t\t\t\t<div class=\"elementor-element elementor-element-17f0a84d elementor-widget elementor-widget-heading\" data-id=\"17f0a84d\" data-element_type=\"widget\" data-widget_type=\"heading.default\">\n\t\t\t\t<div class=\"elementor-widget-container\">\n\t\t\t<h4 class=\"elementor-heading-title elementor-size-default\">Sistemas de aplicaci\u00f3n\ny detecci\u00f3n de fluidos.<\/h4>\t\t<\/div>\n\t\t\t\t<\/div>\n\t\t\t\t<div class=\"elementor-element elementor-element-5cd0f166 elementor-widget elementor-widget-text-editor\" data-id=\"5cd0f166\" data-element_type=\"widget\" data-widget_type=\"text-editor.default\">\n\t\t\t\t<div class=\"elementor-widget-container\">\n\t\t\t\t\t\t\t<p>Estos son algunos de los servicios que ofrecemos en relaci\u00f3n a sistemas de aplicaci\u00f3n y detecci\u00f3n de fluidos:<\/p><ul><li>Sistemas de Aplicaci\u00f3n de Fluidos: Dise\u00f1amos e implementamos sistemas automatizados para la aplicaci\u00f3n de fluidos, como lubricantes, adhesivos, selladores, pinturas, recubrimientos y otros materiales.<\/li><li>Detecci\u00f3n de Fluidos: Proporcionamos soluciones de detecci\u00f3n de fluidos para verificar la presencia, nivel o fugas de l\u00edquidos en tus procesos o sistemas.<\/li><li>Control de Flujo: Nuestros sistemas de control de flujo te permiten gestionar y regular el flujo de fluidos en tus l\u00edneas de producci\u00f3n.<\/li><li>Automatizaci\u00f3n y Integraci\u00f3n: Integramos los sistemas de aplicaci\u00f3n y detecci\u00f3n de fluidos en tu l\u00ednea de producci\u00f3n existente, trabajando en colaboraci\u00f3n con tu equipo para garantizar una implementaci\u00f3n sin problemas.<\/li><li>Mantenimiento y Soporte T\u00e9cnico: Ofrecemos servicios de mantenimiento preventivo y correctivo para garantizar el buen funcionamiento de los sistemas de aplicaci\u00f3n y detecci\u00f3n de fluidos a lo largo del tiempo.<\/li><\/ul>\t\t\t\t\t\t<\/div>\n\t\t\t\t<\/div>\n\t\t\t\t<div class=\"elementor-element elementor-element-234319fb elementor-widget elementor-widget-button\" data-id=\"234319fb\" data-element_type=\"widget\" data-widget_type=\"button.default\">\n\t\t\t\t<div class=\"elementor-widget-container\">\n\t\t\t\t\t<div class=\"elementor-button-wrapper\">\n\t\t\t<a class=\"elementor-button elementor-button-link elementor-size-sm\" href=\"#\">\n\t\t\t\t\t\t<span class=\"elementor-button-content-wrapper\">\n\t\t\t\t\t\t<span class=\"elementor-button-text\">Trabajemos en tu proyecto<\/span>\n\t\t<\/span>\n\t\t\t\t\t<\/a>\n\t\t<\/div>\n\t\t\t\t<\/div>\n\t\t\t\t<\/div>\n\t\t\t\t\t<\/div>\n\t\t<\/div>\n\t\t\t\t\t\t\t<\/div>\n\t\t<\/section>\n\t\t\t\t\t\t\t<\/div>\n\t\t","protected":false},"excerpt":{"rendered":"<p>Sistemas de Inspecci\u00f3n, identificaci\u00f3n, marcado y Rastreabilidad. Marcado Laser y Micropercusi\u00f3n (2D Matriz, Alfanum\u00e9rico, C\u00f3digo de barras). Marcado l\u00e1ser: Utilizamos tecnolog\u00eda l\u00e1ser de \u00faltima generaci\u00f3n para realizar marcados precisos y permanentes en tus productos. Nuestros sistemas l\u00e1ser pueden generar matrices 2D, textos alfanum\u00e9ricos, c\u00f3digos de barras y otros elementos gr\u00e1ficos de alta resoluci\u00f3n. El marcado &hellip;<\/p>\n<p class=\"read-more\"> <a class=\"\" href=\"https:\/\/masolutions.com.mx\/index.php\/sistema-de-inspeccion-identificacion-marcado-y-rastreabilidad\/\"> <span class=\"screen-reader-text\">Sistema de inspecci\u00f3n, identificaci\u00f3n, marcado y rastreabilidad<\/span> Leer m\u00e1s &raquo;<\/a><\/p>\n","protected":false},"author":1,"featured_media":0,"parent":0,"menu_order":0,"comment_status":"closed","ping_status":"closed","template":"","meta":{"om_disable_all_campaigns":false,"_mi_skip_tracking":false,"_monsterinsights_sitenote_active":false,"_monsterinsights_sitenote_note":"","_monsterinsights_sitenote_category":0,"site-sidebar-layout":"no-sidebar","site-content-layout":"page-builder","ast-global-header-display":"","ast-banner-title-visibility":"","ast-main-header-display":"","ast-hfb-above-header-display":"","ast-hfb-below-header-display":"","ast-hfb-mobile-header-display":"","site-post-title":"disabled","ast-breadcrumbs-content":"","ast-featured-img":"disabled","footer-sml-layout":"","theme-transparent-header-meta":"","adv-header-id-meta":"","stick-header-meta":"","header-above-stick-meta":"","header-main-stick-meta":"","header-below-stick-meta":"","_joinchat":[]},"aioseo_notices":[],"_links":{"self":[{"href":"https:\/\/masolutions.com.mx\/index.php\/wp-json\/wp\/v2\/pages\/1432"}],"collection":[{"href":"https:\/\/masolutions.com.mx\/index.php\/wp-json\/wp\/v2\/pages"}],"about":[{"href":"https:\/\/masolutions.com.mx\/index.php\/wp-json\/wp\/v2\/types\/page"}],"author":[{"embeddable":true,"href":"https:\/\/masolutions.com.mx\/index.php\/wp-json\/wp\/v2\/users\/1"}],"replies":[{"embeddable":true,"href":"https:\/\/masolutions.com.mx\/index.php\/wp-json\/wp\/v2\/comments?post=1432"}],"version-history":[{"count":19,"href":"https:\/\/masolutions.com.mx\/index.php\/wp-json\/wp\/v2\/pages\/1432\/revisions"}],"predecessor-version":[{"id":1629,"href":"https:\/\/masolutions.com.mx\/index.php\/wp-json\/wp\/v2\/pages\/1432\/revisions\/1629"}],"wp:attachment":[{"href":"https:\/\/masolutions.com.mx\/index.php\/wp-json\/wp\/v2\/media?parent=1432"}],"curies":[{"name":"wp","href":"https:\/\/api.w.org\/{rel}","templated":true}]}}